{"id":452,"date":"2019-01-16T16:23:42","date_gmt":"2019-01-16T16:23:42","guid":{"rendered":"http:\/\/studio.lt-website.de\/?page_id=452"},"modified":"2025-03-06T15:53:55","modified_gmt":"2025-03-06T15:53:55","slug":"alle-preise","status":"publish","type":"page","link":"https:\/\/lt-studio.de\/?page_id=452","title":{"rendered":"Unsere Beitr\u00e4ge"},"content":{"rendered":"\n<figure class=\"wp-block-image size-large is-resized\"><img loading=\"lazy\" decoding=\"async\" src=\"https:\/\/lt-studio.de\/wp-content\/uploads\/2025\/03\/Preise-Studio-1.7.-20246-724x1024.png\" alt=\"\" class=\"wp-image-1849\" width=\"839\" height=\"1187\" srcset=\"https:\/\/lt-studio.de\/wp-content\/uploads\/2025\/03\/Preise-Studio-1.7.-20246-724x1024.png 724w, https:\/\/lt-studio.de\/wp-content\/uploads\/2025\/03\/Preise-Studio-1.7.-20246-212x300.png 212w, https:\/\/lt-studio.de\/wp-content\/uploads\/2025\/03\/Preise-Studio-1.7.-20246-768x1086.png 768w, https:\/\/lt-studio.de\/wp-content\/uploads\/2025\/03\/Preise-Studio-1.7.-20246-1086x1536.png 1086w, https:\/\/lt-studio.de\/wp-content\/uploads\/2025\/03\/Preise-Studio-1.7.-20246-318x450.png 318w, https:\/\/lt-studio.de\/wp-content\/uploads\/2025\/03\/Preise-Studio-1.7.-20246.png 1414w\" sizes=\"auto, (max-width: 839px) 100vw, 839px\" \/><\/figure>\n\n\n\n<figure class=\"wp-block-table aligncenter is-style-stripes\"><table><tbody><tr><td><\/td><td class=\"has-text-align-left\" data-align=\"left\"><strong>Studio Gesamt: f\u00fcr das Fitnessstudio und ALLE Kurse des Vereins<\/strong><\/td><td><\/td><\/tr><tr><td>Erwachsene<\/td><td class=\"has-text-align-left\" data-align=\"left\">40,00\u20ac  (25,00\u20ac Verein + 15,00\u20ac Studio)<\/td><td><\/td><\/tr><tr><td>Erwachsene in Ausbildung<\/td><td class=\"has-text-align-left\" data-align=\"left\">29,00\u20ac  (14,00\u20ac Verein + 15,00\u20ac Studio)<\/td><td><\/td><\/tr><tr><td>Jugendl.\/Azubi.\/Std.<br>(mit Nachweis bis 27)<\/td><td class=\"has-text-align-left\" data-align=\"left\">29,00\u20ac  (14,00\u20ac Verein +15,00\u20ac Studio) <\/td><td><\/td><\/tr><\/tbody><\/table><\/figure>\n\n\n\n<p> F\u00fcr die Nutzung unser Sauna haben wir f\u00fcr Dich 3 M\u00f6glichkeiten. Eine Sauna-Flatrate f\u00fcr 20\u20ac monatlich, eine 5er Karte f\u00fcr 25\u20ac, oder eine 10er Karte f\u00fcr 50\u20ac. <\/p>\n\n\n\n<p>Die Aufnahmegeb\u00fchr besteht aus einem einmaligen Vereins-Monatsbeitrag! 20,00\u20ac \/ 16,00\u20ac \/ 12,00\u20ac <\/p>\n\n\n\n<figure class=\"wp-block-table is-style-stripes\"><table class=\"has-fixed-layout\"><tbody><tr><td>10er Karte Vereinsmitglied <br>f\u00fcr Kurse oder Fitnessstudio <\/td><td> 50,00\u20ac<\/td><\/tr><tr><td>10er Karte Gast<br>f\u00fcr Kurse oder Fitnessstudio<\/td><td>100,00\u20ac<\/td><\/tr><\/tbody><\/table><\/figure>\n","protected":false},"excerpt":{"rendered":"<p>Studio Gesamt: f\u00fcr das Fitnessstudio und ALLE Kurse des Vereins Erwachsene 40,00\u20ac (25,00\u20ac Verein + 15,00\u20ac Studio) Erwachsene in Ausbildung 29,00\u20ac (14,00\u20ac Verein + 15,00\u20ac Studio) Jugendl.\/Azubi.\/Std.(mit Nachweis bis 27) 29,00\u20ac (14,00\u20ac Verein +15,00\u20ac Studio) F\u00fcr die Nutzung unser Sauna haben wir f\u00fcr Dich 3 M\u00f6glichkeiten. Eine Sauna-Flatrate f\u00fcr 20\u20ac monatlich, eine 5er Karte f\u00fcr [&hellip;]<\/p>\n","protected":false},"author":1,"featured_media":0,"parent":0,"menu_order":0,"comment_status":"closed","ping_status":"closed","template":"","meta":{"footnotes":""},"class_list":["post-452","page","type-page","status-publish","hentry"],"_links":{"self":[{"href":"https:\/\/lt-studio.de\/index.php?rest_route=\/wp\/v2\/pages\/452","targetHints":{"allow":["GET"]}}],"collection":[{"href":"https:\/\/lt-studio.de\/index.php?rest_route=\/wp\/v2\/pages"}],"about":[{"href":"https:\/\/lt-studio.de\/index.php?rest_route=\/wp\/v2\/types\/page"}],"author":[{"embeddable":true,"href":"https:\/\/lt-studio.de\/index.php?rest_route=\/wp\/v2\/users\/1"}],"replies":[{"embeddable":true,"href":"https:\/\/lt-studio.de\/index.php?rest_route=%2Fwp%2Fv2%2Fcomments&post=452"}],"version-history":[{"count":27,"href":"https:\/\/lt-studio.de\/index.php?rest_route=\/wp\/v2\/pages\/452\/revisions"}],"predecessor-version":[{"id":1850,"href":"https:\/\/lt-studio.de\/index.php?rest_route=\/wp\/v2\/pages\/452\/revisions\/1850"}],"wp:attachment":[{"href":"https:\/\/lt-studio.de\/index.php?rest_route=%2Fwp%2Fv2%2Fmedia&parent=452"}],"curies":[{"name":"wp","href":"https:\/\/api.w.org\/{rel}","templated":true}]}}