{"id":199,"date":"2018-12-21T15:19:57","date_gmt":"2018-12-21T15:19:57","guid":{"rendered":"http:\/\/studio.lt-website.de\/?page_id=199"},"modified":"2026-04-07T09:18:46","modified_gmt":"2026-04-07T09:18:46","slug":"home","status":"publish","type":"page","link":"https:\/\/lt-studio.de\/","title":{"rendered":"Willkommen im LT Fitnessstudio"},"content":{"rendered":"\n<h1 class=\"wp-block-heading has-text-align-center\">Hier ist deine Fitness-Heimat! <\/h1>\n\n\n\n<figure class=\"wp-block-image size-large\"><img loading=\"lazy\" decoding=\"async\" width=\"1024\" height=\"768\" src=\"https:\/\/lt-studio.de\/wp-content\/uploads\/2024\/04\/20221227_120920_HDR-Kopie-1024x768.jpg\" alt=\"\" class=\"wp-image-1566\" srcset=\"https:\/\/lt-studio.de\/wp-content\/uploads\/2024\/04\/20221227_120920_HDR-Kopie-1024x768.jpg 1024w, https:\/\/lt-studio.de\/wp-content\/uploads\/2024\/04\/20221227_120920_HDR-Kopie-300x225.jpg 300w, https:\/\/lt-studio.de\/wp-content\/uploads\/2024\/04\/20221227_120920_HDR-Kopie-768x576.jpg 768w, https:\/\/lt-studio.de\/wp-content\/uploads\/2024\/04\/20221227_120920_HDR-Kopie-1536x1152.jpg 1536w, https:\/\/lt-studio.de\/wp-content\/uploads\/2024\/04\/20221227_120920_HDR-Kopie-2048x1536.jpg 2048w, https:\/\/lt-studio.de\/wp-content\/uploads\/2024\/04\/20221227_120920_HDR-Kopie-600x450.jpg 600w\" sizes=\"auto, (max-width: 1024px) 100vw, 1024px\" \/><\/figure>\n\n\n\n<h2 class=\"wp-block-heading\">Kurse: Wir haben alles was Dein Fitnessherz begehrt &#8211; Hot Iron\u00ae, Indoor Cycling by ICG\u00ae, Yoga, Outdoor Power, Faszientraining, R\u00fcckenfit, Power Pilates und vieles mehr.<\/h2>\n\n\n\n<h2 class=\"wp-block-heading\">Studio: Top ausgebildete Trainer unterst\u00fctzen Dich dabei Deine Ziele zu erreichen. Sie begleiten Dich auch beim Wiedereinstieg nach einer Reha, oder nach einer l\u00e4ngeren Verletzungspause. Spezielle Konzepte: Ballsportler, Muskelverlust im Alter.<\/h2>\n\n\n\n<hr class=\"wp-block-separator has-alpha-channel-opacity is-style-wide\"\/>\n\n\n\n<h1 class=\"wp-block-heading has-text-align-center\">Unser spezielles Angebot f\u00fcr alle Teamplayer<\/h1>\n\n\n\n<h3 class=\"wp-block-heading\">Wir bieten Dir ein sportspezifisches Krafttraining f\u00fcr Deinen Teamsport an. Verbessere deine Sprung,- und Wurfkraft. Erh\u00f6he Deine Sprintf\u00e4higkeit, oder Deine K\u00f6rperstabilit\u00e4t mit unseren Trainingspl\u00e4nen f\u00fcr deine On-Off-Season im Kraftraum oder in unserem speziellen Kurs f\u00fcr Ballsportler.<\/h3>\n\n\n\n<h3 class=\"wp-block-heading\">Im Studio ist ein Probetraining nach Vereinbarung (Mail-Telefon) jederzeit m\u00f6glich. Nach einer kurzen Anamnese und Befragung nach Deinen Zielen, zeigen wir Dir praktisch, wie ein Training f\u00fcr Dich sinnvoll aufgebaut sein kann.<\/h3>\n\n\n\n<hr class=\"wp-block-separator has-alpha-channel-opacity is-style-wide\"\/>\n\n\n\n<h1 class=\"wp-block-heading has-text-align-center has-cyan-bluish-gray-background-color has-background\">          Jederzeit: kostenloses Probetraining                                                      <\/h1>\n\n\n\n<h2 class=\"wp-block-heading has-text-align-center has-cyan-bluish-gray-background-color has-background\">Anmeldung: Tel. 0451\/51056  Mail info@lt-studio.de<\/h2>\n\n\n\n<hr class=\"wp-block-separator has-alpha-channel-opacity is-style-wide\"\/>\n\n\n\n<figure class=\"wp-block-image size-large is-resized\"><img loading=\"lazy\" decoding=\"async\" width=\"724\" height=\"1024\" src=\"https:\/\/lt-studio.de\/wp-content\/uploads\/2025\/06\/Studio-Insta-Kursplan-A4-1-724x1024.png\" alt=\"\" class=\"wp-image-1927\" style=\"width:844px;height:1193px\" srcset=\"https:\/\/lt-studio.de\/wp-content\/uploads\/2025\/06\/Studio-Insta-Kursplan-A4-1-724x1024.png 724w, https:\/\/lt-studio.de\/wp-content\/uploads\/2025\/06\/Studio-Insta-Kursplan-A4-1-212x300.png 212w, https:\/\/lt-studio.de\/wp-content\/uploads\/2025\/06\/Studio-Insta-Kursplan-A4-1-768x1086.png 768w, https:\/\/lt-studio.de\/wp-content\/uploads\/2025\/06\/Studio-Insta-Kursplan-A4-1-1086x1536.png 1086w, https:\/\/lt-studio.de\/wp-content\/uploads\/2025\/06\/Studio-Insta-Kursplan-A4-1-318x450.png 318w, https:\/\/lt-studio.de\/wp-content\/uploads\/2025\/06\/Studio-Insta-Kursplan-A4-1.png 1414w\" sizes=\"auto, (max-width: 724px) 100vw, 724px\" \/><\/figure>\n\n\n\n<hr class=\"wp-block-separator has-alpha-channel-opacity\"\/>\n\n\n\n<h2 class=\"wp-block-heading\">Du hast eine Groupfitness-Ausbildung und Lust, Deinen eigenen Kurs zu gestalten? Unser Faszien-Kurs dienstags um 18:00Uhr und unser Body-Fit-Kurs freitags 18:00Uhr suchen neue Trainer. Dich erwarten tolle, motivierte Teilnehmer. Jetzt bewerben! info@lt-studio.de. Wir freuen uns auf Dich!<\/h2>\n\n\n\n<hr class=\"wp-block-separator has-alpha-channel-opacity is-style-wide\"\/>\n\n\n\n<h1 class=\"wp-block-heading has-text-align-left\">Longevity &#8211; f\u00fcr uns kein Trend, sondern eine Mission!<\/h1>\n\n\n\n<figure class=\"wp-block-image size-large is-resized\"><img loading=\"lazy\" decoding=\"async\" width=\"724\" height=\"1024\" src=\"https:\/\/lt-studio.de\/wp-content\/uploads\/2025\/01\/Design-ohne-Titel4-724x1024.png\" alt=\"\" class=\"wp-image-1816\" style=\"width:846px;height:1196px\" srcset=\"https:\/\/lt-studio.de\/wp-content\/uploads\/2025\/01\/Design-ohne-Titel4-724x1024.png 724w, https:\/\/lt-studio.de\/wp-content\/uploads\/2025\/01\/Design-ohne-Titel4-212x300.png 212w, https:\/\/lt-studio.de\/wp-content\/uploads\/2025\/01\/Design-ohne-Titel4-768x1086.png 768w, https:\/\/lt-studio.de\/wp-content\/uploads\/2025\/01\/Design-ohne-Titel4-1086x1536.png 1086w, https:\/\/lt-studio.de\/wp-content\/uploads\/2025\/01\/Design-ohne-Titel4-318x450.png 318w, https:\/\/lt-studio.de\/wp-content\/uploads\/2025\/01\/Design-ohne-Titel4.png 1414w\" sizes=\"auto, (max-width: 724px) 100vw, 724px\" \/><\/figure>\n\n\n\n<h2 class=\"wp-block-heading has-text-align-center\"><mark style=\"background-color:rgba(0, 0, 0, 0)\" class=\"has-inline-color has-vivid-cyan-blue-color\">Muskelaufbau ab 50: Die Vorteile von regelm\u00e4\u00dfigem Training<\/mark><\/h2>\n\n\n\n<p>Es gibt viele Gr\u00fcnde, warum Menschen ins Fitness-Studio gehen: Gutes Aussehen und fit f\u00fcr den Alltag zu sein, wird oft genannt. Auch der gesundheitliche Aspekt r\u00fcckt in den Vordergrund: Das ist eine sehr positive Entwicklung, denn der R\u00fcckgang von Muskulatur beginnt bereits ab dem 30. Lebensjahr. Im Alter von 50 Jahren verlieren Menschen etwa 10% der Muskelmasse, bis zum 80. Lebensjahr sind es nahezu 50%.<\/p>\n\n\n\n<p>Aus diesem Grund ist gerade f\u00fcr die sogenannte Best Ager Generation, also Menschen ab 50, ein Krafttraining mit seinen Effekten auf die Muskelmasse und das Kraftpotential von besonderer Bedeutung. Ein gezieltes Krafttraining wirkt durch dosierten Druck und Zug auf die Knochen zudem effektiv gegen Osteoporose (altersbedingter Knochenschwund) und sorgt f\u00fcr eine gute Beweglichkeit der Gelenke. Auch das Herz-Kreislaufsystem wird leistungsf\u00e4higer.<\/p>\n\n\n\n<p>Neben den positiven orthop\u00e4dischen Aspekten verbessert ein Krafttraining die Hirndurchblutung und steigert die kognitiven&nbsp;F\u00e4higkeiten. Die Reaktionsf\u00e4higkeit und K\u00f6rperstabilit\u00e4t steigen deutlich an. Um diese positiven Effekte zu erreichen, muss man nicht viel Zeit investieren: Zweimal in der Woche jeweils 45 Minuten sind absolut ausreichend. Wir zeigen dir gern, wie das funktioniert. In unserem Studio erwartet dich eine gro\u00dfartige, freundliche Atmosph\u00e4re, kompetente Trainer und moderne Ger\u00e4te. So ist das Training nicht nur effektiv, sondern es macht auch wirklich Spa\u00df.<\/p>\n\n\n\n<p class=\"has-text-align-center has-medium-font-size\"><strong><mark style=\"background-color:rgba(0, 0, 0, 0)\" class=\"has-inline-color has-vivid-cyan-blue-color\">Krafttraining ist der Schl\u00fcssel, um fit f\u00fcr die Zukunft zu sein.&nbsp;Vereinbare jetzt ein kostenloses Probetraining bei unseren Trainern und lass dich individuell beraten.<\/mark><\/strong><\/p>\n\n\n\n<h1 class=\"wp-block-heading has-text-align-center has-white-background-color has-background\"> Folge uns auf Social Media<\/h1>\n\n\n\n<ul class=\"wp-block-social-links has-huge-icon-size is-style-default is-content-justification-center is-layout-flex wp-container-core-social-links-is-layout-16018d1d wp-block-social-links-is-layout-flex\"><li class=\"wp-social-link wp-social-link-instagram  wp-block-social-link\"><a href=\"https:\/\/www.instagram.com\/luebecker_turnerschaft_1854?igsh=dXBsaDB1cDMyeGVq\" class=\"wp-block-social-link-anchor\"><svg width=\"24\" height=\"24\" viewBox=\"0 0 24 24\" version=\"1.1\" xmlns=\"http:\/\/www.w3.org\/2000\/svg\" aria-hidden=\"true\" focusable=\"false\"><path d=\"M12,4.622c2.403,0,2.688,0.009,3.637,0.052c0.877,0.04,1.354,0.187,1.671,0.31c0.42,0.163,0.72,0.358,1.035,0.673 c0.315,0.315,0.51,0.615,0.673,1.035c0.123,0.317,0.27,0.794,0.31,1.671c0.043,0.949,0.052,1.234,0.052,3.637 s-0.009,2.688-0.052,3.637c-0.04,0.877-0.187,1.354-0.31,1.671c-0.163,0.42-0.358,0.72-0.673,1.035 c-0.315,0.315-0.615,0.51-1.035,0.673c-0.317,0.123-0.794,0.27-1.671,0.31c-0.949,0.043-1.233,0.052-3.637,0.052 s-2.688-0.009-3.637-0.052c-0.877-0.04-1.354-0.187-1.671-0.31c-0.42-0.163-0.72-0.358-1.035-0.673 c-0.315-0.315-0.51-0.615-0.673-1.035c-0.123-0.317-0.27-0.794-0.31-1.671C4.631,14.688,4.622,14.403,4.622,12 s0.009-2.688,0.052-3.637c0.04-0.877,0.187-1.354,0.31-1.671c0.163-0.42,0.358-0.72,0.673-1.035 c0.315-0.315,0.615-0.51,1.035-0.673c0.317-0.123,0.794-0.27,1.671-0.31C9.312,4.631,9.597,4.622,12,4.622 M12,3 C9.556,3,9.249,3.01,8.289,3.054C7.331,3.098,6.677,3.25,6.105,3.472C5.513,3.702,5.011,4.01,4.511,4.511 c-0.5,0.5-0.808,1.002-1.038,1.594C3.25,6.677,3.098,7.331,3.054,8.289C3.01,9.249,3,9.556,3,12c0,2.444,0.01,2.751,0.054,3.711 c0.044,0.958,0.196,1.612,0.418,2.185c0.23,0.592,0.538,1.094,1.038,1.594c0.5,0.5,1.002,0.808,1.594,1.038 c0.572,0.222,1.227,0.375,2.185,0.418C9.249,20.99,9.556,21,12,21s2.751-0.01,3.711-0.054c0.958-0.044,1.612-0.196,2.185-0.418 c0.592-0.23,1.094-0.538,1.594-1.038c0.5-0.5,0.808-1.002,1.038-1.594c0.222-0.572,0.375-1.227,0.418-2.185 C20.99,14.751,21,14.444,21,12s-0.01-2.751-0.054-3.711c-0.044-0.958-0.196-1.612-0.418-2.185c-0.23-0.592-0.538-1.094-1.038-1.594 c-0.5-0.5-1.002-0.808-1.594-1.038c-0.572-0.222-1.227-0.375-2.185-0.418C14.751,3.01,14.444,3,12,3L12,3z M12,7.378 c-2.552,0-4.622,2.069-4.622,4.622S9.448,16.622,12,16.622s4.622-2.069,4.622-4.622S14.552,7.378,12,7.378z M12,15 c-1.657,0-3-1.343-3-3s1.343-3,3-3s3,1.343,3,3S13.657,15,12,15z M16.804,6.116c-0.596,0-1.08,0.484-1.08,1.08 s0.484,1.08,1.08,1.08c0.596,0,1.08-0.484,1.08-1.08S17.401,6.116,16.804,6.116z\"><\/path><\/svg><span class=\"wp-block-social-link-label screen-reader-text\">Instagram<\/span><\/a><\/li>\n\n<li class=\"wp-social-link wp-social-link-facebook  wp-block-social-link\"><a href=\"https:\/\/www.facebook.com\/profile.php?id=100089724607936\" class=\"wp-block-social-link-anchor\"><svg width=\"24\" height=\"24\" viewBox=\"0 0 24 24\" version=\"1.1\" xmlns=\"http:\/\/www.w3.org\/2000\/svg\" aria-hidden=\"true\" focusable=\"false\"><path d=\"M12 2C6.5 2 2 6.5 2 12c0 5 3.7 9.1 8.4 9.9v-7H7.9V12h2.5V9.8c0-2.5 1.5-3.9 3.8-3.9 1.1 0 2.2.2 2.2.2v2.5h-1.3c-1.2 0-1.6.8-1.6 1.6V12h2.8l-.4 2.9h-2.3v7C18.3 21.1 22 17 22 12c0-5.5-4.5-10-10-10z\"><\/path><\/svg><span class=\"wp-block-social-link-label screen-reader-text\">Facebook<\/span><\/a><\/li><\/ul>\n\n\n\n<figure class=\"wp-block-image size-large is-resized\"><img loading=\"lazy\" decoding=\"async\" width=\"768\" height=\"1024\" src=\"https:\/\/lt-studio.de\/wp-content\/uploads\/2024\/05\/20231029_154955_HDR-768x1024.jpg\" alt=\"\" class=\"wp-image-1573\" style=\"width:838px;height:1117px\" srcset=\"https:\/\/lt-studio.de\/wp-content\/uploads\/2024\/05\/20231029_154955_HDR-768x1024.jpg 768w, https:\/\/lt-studio.de\/wp-content\/uploads\/2024\/05\/20231029_154955_HDR-225x300.jpg 225w, https:\/\/lt-studio.de\/wp-content\/uploads\/2024\/05\/20231029_154955_HDR-1152x1536.jpg 1152w, https:\/\/lt-studio.de\/wp-content\/uploads\/2024\/05\/20231029_154955_HDR-1536x2048.jpg 1536w, https:\/\/lt-studio.de\/wp-content\/uploads\/2024\/05\/20231029_154955_HDR-338x450.jpg 338w, https:\/\/lt-studio.de\/wp-content\/uploads\/2024\/05\/20231029_154955_HDR-scaled.jpg 1920w\" sizes=\"auto, (max-width: 768px) 100vw, 768px\" \/><\/figure>\n\n\n\n<figure class=\"wp-block-image size-large is-resized\"><img loading=\"lazy\" decoding=\"async\" width=\"724\" height=\"1024\" src=\"https:\/\/lt-studio.de\/wp-content\/uploads\/2024\/07\/Oeffnungszeiten-724x1024.png\" alt=\"\" class=\"wp-image-1683\" style=\"width:861px;height:1219px\" srcset=\"https:\/\/lt-studio.de\/wp-content\/uploads\/2024\/07\/Oeffnungszeiten-724x1024.png 724w, https:\/\/lt-studio.de\/wp-content\/uploads\/2024\/07\/Oeffnungszeiten-212x300.png 212w, https:\/\/lt-studio.de\/wp-content\/uploads\/2024\/07\/Oeffnungszeiten-768x1086.png 768w, https:\/\/lt-studio.de\/wp-content\/uploads\/2024\/07\/Oeffnungszeiten-1086x1536.png 1086w, https:\/\/lt-studio.de\/wp-content\/uploads\/2024\/07\/Oeffnungszeiten-318x450.png 318w, https:\/\/lt-studio.de\/wp-content\/uploads\/2024\/07\/Oeffnungszeiten.png 1414w\" sizes=\"auto, (max-width: 724px) 100vw, 724px\" \/><\/figure>\n\n\n\n<hr class=\"wp-block-separator has-alpha-channel-opacity is-style-wide\"\/>\n\n\n\n<figure class=\"wp-block-image size-large is-resized\"><img loading=\"lazy\" decoding=\"async\" width=\"724\" height=\"1024\" src=\"https:\/\/lt-studio.de\/wp-content\/uploads\/2025\/03\/Preise-Studio-1.7.-20246-1-724x1024.png\" alt=\"\" class=\"wp-image-1857\" style=\"width:839px;height:1187px\" srcset=\"https:\/\/lt-studio.de\/wp-content\/uploads\/2025\/03\/Preise-Studio-1.7.-20246-1-724x1024.png 724w, https:\/\/lt-studio.de\/wp-content\/uploads\/2025\/03\/Preise-Studio-1.7.-20246-1-212x300.png 212w, https:\/\/lt-studio.de\/wp-content\/uploads\/2025\/03\/Preise-Studio-1.7.-20246-1-768x1086.png 768w, https:\/\/lt-studio.de\/wp-content\/uploads\/2025\/03\/Preise-Studio-1.7.-20246-1-1086x1536.png 1086w, https:\/\/lt-studio.de\/wp-content\/uploads\/2025\/03\/Preise-Studio-1.7.-20246-1-318x450.png 318w, https:\/\/lt-studio.de\/wp-content\/uploads\/2025\/03\/Preise-Studio-1.7.-20246-1.png 1414w\" sizes=\"auto, (max-width: 724px) 100vw, 724px\" \/><\/figure>\n\n\n\n<hr class=\"wp-block-separator has-alpha-channel-opacity is-style-wide\"\/>\n\n\n\n<h2 class=\"wp-block-heading\"><mark style=\"background-color:rgba(0, 0, 0, 0)\" class=\"has-inline-color has-vivid-cyan-blue-color\">Und nach dem Sport einfach mal in unserer Sauna entspannen.<\/mark><\/h2>\n\n\n\n<figure class=\"wp-block-image size-large\"><img loading=\"lazy\" decoding=\"async\" width=\"1024\" height=\"768\" src=\"https:\/\/lt-studio.de\/wp-content\/uploads\/2024\/09\/20240918_175236_HDR-1024x768.jpg\" alt=\"\" class=\"wp-image-1720\" srcset=\"https:\/\/lt-studio.de\/wp-content\/uploads\/2024\/09\/20240918_175236_HDR-1024x768.jpg 1024w, https:\/\/lt-studio.de\/wp-content\/uploads\/2024\/09\/20240918_175236_HDR-300x225.jpg 300w, https:\/\/lt-studio.de\/wp-content\/uploads\/2024\/09\/20240918_175236_HDR-768x576.jpg 768w, https:\/\/lt-studio.de\/wp-content\/uploads\/2024\/09\/20240918_175236_HDR-1536x1152.jpg 1536w, https:\/\/lt-studio.de\/wp-content\/uploads\/2024\/09\/20240918_175236_HDR-2048x1536.jpg 2048w, https:\/\/lt-studio.de\/wp-content\/uploads\/2024\/09\/20240918_175236_HDR-600x450.jpg 600w\" sizes=\"auto, (max-width: 1024px) 100vw, 1024px\" \/><\/figure>\n\n\n\n<hr class=\"wp-block-separator has-alpha-channel-opacity is-style-wide\"\/>\n\n\n\n<figure class=\"wp-block-image size-large is-resized\"><img loading=\"lazy\" decoding=\"async\" width=\"768\" height=\"1024\" src=\"https:\/\/lt-studio.de\/wp-content\/uploads\/2024\/09\/20240918_173911-768x1024.jpg\" alt=\"\" class=\"wp-image-1717\" style=\"width:838px;height:1117px\" srcset=\"https:\/\/lt-studio.de\/wp-content\/uploads\/2024\/09\/20240918_173911-768x1024.jpg 768w, https:\/\/lt-studio.de\/wp-content\/uploads\/2024\/09\/20240918_173911-225x300.jpg 225w, https:\/\/lt-studio.de\/wp-content\/uploads\/2024\/09\/20240918_173911-1152x1536.jpg 1152w, https:\/\/lt-studio.de\/wp-content\/uploads\/2024\/09\/20240918_173911-1536x2048.jpg 1536w, https:\/\/lt-studio.de\/wp-content\/uploads\/2024\/09\/20240918_173911-338x450.jpg 338w, https:\/\/lt-studio.de\/wp-content\/uploads\/2024\/09\/20240918_173911-scaled.jpg 1920w\" sizes=\"auto, (max-width: 768px) 100vw, 768px\" \/><\/figure>\n\n\n\n<hr class=\"wp-block-separator has-alpha-channel-opacity is-style-wide\"\/>\n\n\n\n<figure class=\"wp-block-image size-large is-resized\"><img loading=\"lazy\" decoding=\"async\" width=\"724\" height=\"1024\" src=\"https:\/\/lt-studio.de\/wp-content\/uploads\/2026\/03\/Proteinshake-Werbung-1-724x1024.png\" alt=\"\" class=\"wp-image-2107\" style=\"width:841px;height:1189px\" srcset=\"https:\/\/lt-studio.de\/wp-content\/uploads\/2026\/03\/Proteinshake-Werbung-1-724x1024.png 724w, https:\/\/lt-studio.de\/wp-content\/uploads\/2026\/03\/Proteinshake-Werbung-1-212x300.png 212w, https:\/\/lt-studio.de\/wp-content\/uploads\/2026\/03\/Proteinshake-Werbung-1-768x1086.png 768w, https:\/\/lt-studio.de\/wp-content\/uploads\/2026\/03\/Proteinshake-Werbung-1-1086x1536.png 1086w, https:\/\/lt-studio.de\/wp-content\/uploads\/2026\/03\/Proteinshake-Werbung-1-318x450.png 318w, https:\/\/lt-studio.de\/wp-content\/uploads\/2026\/03\/Proteinshake-Werbung-1.png 1414w\" sizes=\"auto, (max-width: 724px) 100vw, 724px\" \/><\/figure>\n\n\n\n<hr class=\"wp-block-separator has-alpha-channel-opacity is-style-wide\"\/>\n\n\n\n<figure class=\"wp-block-image size-large is-resized\"><img loading=\"lazy\" decoding=\"async\" width=\"724\" height=\"1024\" src=\"https:\/\/lt-studio.de\/wp-content\/uploads\/2024\/03\/Starten-statt-warten-1-724x1024.png\" alt=\"\" class=\"wp-image-1523\" style=\"width:836px;height:1182px\" srcset=\"https:\/\/lt-studio.de\/wp-content\/uploads\/2024\/03\/Starten-statt-warten-1-724x1024.png 724w, https:\/\/lt-studio.de\/wp-content\/uploads\/2024\/03\/Starten-statt-warten-1-212x300.png 212w, https:\/\/lt-studio.de\/wp-content\/uploads\/2024\/03\/Starten-statt-warten-1-768x1086.png 768w, https:\/\/lt-studio.de\/wp-content\/uploads\/2024\/03\/Starten-statt-warten-1-1086x1536.png 1086w, https:\/\/lt-studio.de\/wp-content\/uploads\/2024\/03\/Starten-statt-warten-1-318x450.png 318w, https:\/\/lt-studio.de\/wp-content\/uploads\/2024\/03\/Starten-statt-warten-1.png 1414w\" sizes=\"auto, (max-width: 724px) 100vw, 724px\" \/><\/figure>\n\n\n\n<hr class=\"wp-block-separator has-alpha-channel-opacity is-style-wide\"\/>\n\n\n\n<p><mark style=\"background-color:rgba(0, 0, 0, 0)\" class=\"has-inline-color has-vivid-cyan-blue-color\"> <\/mark><\/p>\n","protected":false},"excerpt":{"rendered":"<p>Hier ist deine Fitness-Heimat! Kurse: Wir haben alles was Dein Fitnessherz begehrt &#8211; Hot Iron\u00ae, Indoor Cycling by ICG\u00ae, Yoga, Outdoor Power, Faszientraining, R\u00fcckenfit, Power Pilates und vieles mehr. Studio: Top ausgebildete Trainer unterst\u00fctzen Dich dabei Deine Ziele zu erreichen. Sie begleiten Dich auch beim Wiedereinstieg nach einer Reha, oder nach einer l\u00e4ngeren Verletzungspause. Spezielle [&hellip;]<\/p>\n","protected":false},"author":1,"featured_media":0,"parent":0,"menu_order":0,"comment_status":"closed","ping_status":"closed","template":"","meta":{"footnotes":""},"class_list":["post-199","page","type-page","status-publish","hentry"],"_links":{"self":[{"href":"https:\/\/lt-studio.de\/index.php?rest_route=\/wp\/v2\/pages\/199","targetHints":{"allow":["GET"]}}],"collection":[{"href":"https:\/\/lt-studio.de\/index.php?rest_route=\/wp\/v2\/pages"}],"about":[{"href":"https:\/\/lt-studio.de\/index.php?rest_route=\/wp\/v2\/types\/page"}],"author":[{"embeddable":true,"href":"https:\/\/lt-studio.de\/index.php?rest_route=\/wp\/v2\/users\/1"}],"replies":[{"embeddable":true,"href":"https:\/\/lt-studio.de\/index.php?rest_route=%2Fwp%2Fv2%2Fcomments&post=199"}],"version-history":[{"count":616,"href":"https:\/\/lt-studio.de\/index.php?rest_route=\/wp\/v2\/pages\/199\/revisions"}],"predecessor-version":[{"id":2139,"href":"https:\/\/lt-studio.de\/index.php?rest_route=\/wp\/v2\/pages\/199\/revisions\/2139"}],"wp:attachment":[{"href":"https:\/\/lt-studio.de\/index.php?rest_route=%2Fwp%2Fv2%2Fmedia&parent=199"}],"curies":[{"name":"wp","href":"https:\/\/api.w.org\/{rel}","templated":true}]}}